{"id":3879,"date":"2021-12-19T16:36:45","date_gmt":"2021-12-19T15:36:45","guid":{"rendered":"https:\/\/www.moncoachdegolf.com\/progressez-au-golf\/dup-pm-driver-flash-go\/"},"modified":"2025-10-21T09:05:56","modified_gmt":"2025-10-21T07:05:56","slug":"drfl","status":"publish","type":"page","link":"https:\/\/www.moncoachdegolf.com\/progressez-au-golf\/drfl\/","title":{"rendered":"DRIVER FLASH"},"content":{"rendered":"","protected":false},"excerpt":{"rendered":"","protected":false},"author":2,"featured_media":0,"parent":0,"menu_order":0,"comment_status":"closed","ping_status":"closed","template":"","meta":[],"yoast_head":"<!-- This site is optimized with the Yoast SEO plugin v18.4.1 - https:\/\/yoast.com\/wordpress\/plugins\/seo\/ -->\n<title>DRIVER FLASH - Progressez au golf<\/title>\n<meta name=\"description\" content=\"Le Swing au Driver D\u00e9cortiqu\u00e9 de A \u00e0 Z+ Comment tout Assembler Facilement avec la M\u00e9thode TRS\u2122\" \/>\n<meta name=\"robots\" content=\"index, follow, max-snippet:-1, max-image-preview:large, max-video-preview:-1\" \/>\n<link rel=\"canonical\" href=\"https:\/\/www.moncoachdegolf.com\/progressez-au-golf\/drfl\/\" \/>\n<meta property=\"og:locale\" content=\"fr_FR\" \/>\n<meta property=\"og:type\" content=\"article\" \/>\n<meta property=\"og:title\" content=\"DRIVER FLASH - Progressez au golf\" \/>\n<meta property=\"og:description\" content=\"Le Swing au Driver D\u00e9cortiqu\u00e9 de A \u00e0 Z+ Comment tout Assembler Facilement avec la M\u00e9thode TRS\u2122\" \/>\n<meta property=\"og:url\" content=\"https:\/\/www.moncoachdegolf.com\/progressez-au-golf\/drfl\/\" \/>\n<meta property=\"og:site_name\" content=\"Progressez au golf\" \/>\n<meta property=\"article:modified_time\" content=\"2025-10-21T07:05:56+00:00\" \/>\n<meta property=\"og:image\" content=\"http:\/\/images\/wpspin_light.gif\" \/>\n<meta name=\"twitter:card\" content=\"summary_large_image\" \/>\n<meta name=\"twitter:label1\" content=\"Dur\u00e9e de lecture estim\u00e9e\" \/>\n\t<meta name=\"twitter:data1\" content=\"27 minutes\" \/>\n<script type=\"application\/ld+json\" class=\"yoast-schema-graph\">{\"@context\":\"https:\/\/schema.org\",\"@graph\":[{\"@type\":\"WebSite\",\"@id\":\"https:\/\/www.moncoachdegolf.com\/progressez-au-golf\/#website\",\"url\":\"https:\/\/www.moncoachdegolf.com\/progressez-au-golf\/\",\"name\":\"Progressez au golf\",\"description\":\"\",\"potentialAction\":[{\"@type\":\"SearchAction\",\"target\":{\"@type\":\"EntryPoint\",\"urlTemplate\":\"https:\/\/www.moncoachdegolf.com\/progressez-au-golf\/?s={search_term_string}\"},\"query-input\":\"required name=search_term_string\"}],\"inLanguage\":\"fr-FR\"},{\"@type\":\"ImageObject\",\"@id\":\"https:\/\/www.moncoachdegolf.com\/progressez-au-golf\/drfl\/#primaryimage\",\"inLanguage\":\"fr-FR\",\"url\":\"images\/wpspin_light.gif\",\"contentUrl\":\"images\/wpspin_light.gif\"},{\"@type\":\"WebPage\",\"@id\":\"https:\/\/www.moncoachdegolf.com\/progressez-au-golf\/drfl\/#webpage\",\"url\":\"https:\/\/www.moncoachdegolf.com\/progressez-au-golf\/drfl\/\",\"name\":\"DRIVER FLASH - Progressez au golf\",\"isPartOf\":{\"@id\":\"https:\/\/www.moncoachdegolf.com\/progressez-au-golf\/#website\"},\"primaryImageOfPage\":{\"@id\":\"https:\/\/www.moncoachdegolf.com\/progressez-au-golf\/drfl\/#primaryimage\"},\"datePublished\":\"2021-12-19T15:36:45+00:00\",\"dateModified\":\"2025-10-21T07:05:56+00:00\",\"description\":\"Le Swing au Driver D\u00e9cortiqu\u00e9 de A \u00e0 Z+ Comment tout Assembler Facilement avec la M\u00e9thode TRS\u2122\",\"breadcrumb\":{\"@id\":\"https:\/\/www.moncoachdegolf.com\/progressez-au-golf\/drfl\/#breadcrumb\"},\"inLanguage\":\"fr-FR\",\"potentialAction\":[{\"@type\":\"ReadAction\",\"target\":[\"https:\/\/www.moncoachdegolf.com\/progressez-au-golf\/drfl\/\"]}]},{\"@type\":\"BreadcrumbList\",\"@id\":\"https:\/\/www.moncoachdegolf.com\/progressez-au-golf\/drfl\/#breadcrumb\",\"itemListElement\":[{\"@type\":\"ListItem\",\"position\":1,\"name\":\"Accueil\",\"item\":\"https:\/\/www.moncoachdegolf.com\/progressez-au-golf\/\"},{\"@type\":\"ListItem\",\"position\":2,\"name\":\"DRIVER FLASH\"}]}]}<\/script>\n<!-- \/ Yoast SEO plugin. -->","yoast_head_json":{"title":"DRIVER FLASH - Progressez au golf","description":"Le Swing au Driver D\u00e9cortiqu\u00e9 de A \u00e0 Z+ Comment tout Assembler Facilement avec la M\u00e9thode TRS\u2122","robots":{"index":"index","follow":"follow","max-snippet":"max-snippet:-1","max-image-preview":"max-image-preview:large","max-video-preview":"max-video-preview:-1"},"canonical":"https:\/\/www.moncoachdegolf.com\/progressez-au-golf\/drfl\/","og_locale":"fr_FR","og_type":"article","og_title":"DRIVER FLASH - Progressez au golf","og_description":"Le Swing au Driver D\u00e9cortiqu\u00e9 de A \u00e0 Z+ Comment tout Assembler Facilement avec la M\u00e9thode TRS\u2122","og_url":"https:\/\/www.moncoachdegolf.com\/progressez-au-golf\/drfl\/","og_site_name":"Progressez au golf","article_modified_time":"2025-10-21T07:05:56+00:00","og_image":[{"url":"images\/wpspin_light.gif"}],"twitter_card":"summary_large_image","twitter_misc":{"Dur\u00e9e de lecture estim\u00e9e":"27 minutes"},"schema":{"@context":"https:\/\/schema.org","@graph":[{"@type":"WebSite","@id":"https:\/\/www.moncoachdegolf.com\/progressez-au-golf\/#website","url":"https:\/\/www.moncoachdegolf.com\/progressez-au-golf\/","name":"Progressez au golf","description":"","potentialAction":[{"@type":"SearchAction","target":{"@type":"EntryPoint","urlTemplate":"https:\/\/www.moncoachdegolf.com\/progressez-au-golf\/?s={search_term_string}"},"query-input":"required name=search_term_string"}],"inLanguage":"fr-FR"},{"@type":"ImageObject","@id":"https:\/\/www.moncoachdegolf.com\/progressez-au-golf\/drfl\/#primaryimage","inLanguage":"fr-FR","url":"images\/wpspin_light.gif","contentUrl":"images\/wpspin_light.gif"},{"@type":"WebPage","@id":"https:\/\/www.moncoachdegolf.com\/progressez-au-golf\/drfl\/#webpage","url":"https:\/\/www.moncoachdegolf.com\/progressez-au-golf\/drfl\/","name":"DRIVER FLASH - Progressez au golf","isPartOf":{"@id":"https:\/\/www.moncoachdegolf.com\/progressez-au-golf\/#website"},"primaryImageOfPage":{"@id":"https:\/\/www.moncoachdegolf.com\/progressez-au-golf\/drfl\/#primaryimage"},"datePublished":"2021-12-19T15:36:45+00:00","dateModified":"2025-10-21T07:05:56+00:00","description":"Le Swing au Driver D\u00e9cortiqu\u00e9 de A \u00e0 Z+ Comment tout Assembler Facilement avec la M\u00e9thode TRS\u2122","breadcrumb":{"@id":"https:\/\/www.moncoachdegolf.com\/progressez-au-golf\/drfl\/#breadcrumb"},"inLanguage":"fr-FR","potentialAction":[{"@type":"ReadAction","target":["https:\/\/www.moncoachdegolf.com\/progressez-au-golf\/drfl\/"]}]},{"@type":"BreadcrumbList","@id":"https:\/\/www.moncoachdegolf.com\/progressez-au-golf\/drfl\/#breadcrumb","itemListElement":[{"@type":"ListItem","position":1,"name":"Accueil","item":"https:\/\/www.moncoachdegolf.com\/progressez-au-golf\/"},{"@type":"ListItem","position":2,"name":"DRIVER FLASH"}]}]}},"_links":{"self":[{"href":"https:\/\/www.moncoachdegolf.com\/progressez-au-golf\/wp-json\/wp\/v2\/pages\/3879"}],"collection":[{"href":"https:\/\/www.moncoachdegolf.com\/progressez-au-golf\/wp-json\/wp\/v2\/pages"}],"about":[{"href":"https:\/\/www.moncoachdegolf.com\/progressez-au-golf\/wp-json\/wp\/v2\/types\/page"}],"author":[{"embeddable":true,"href":"https:\/\/www.moncoachdegolf.com\/progressez-au-golf\/wp-json\/wp\/v2\/users\/2"}],"replies":[{"embeddable":true,"href":"https:\/\/www.moncoachdegolf.com\/progressez-au-golf\/wp-json\/wp\/v2\/comments?post=3879"}],"version-history":[{"count":15,"href":"https:\/\/www.moncoachdegolf.com\/progressez-au-golf\/wp-json\/wp\/v2\/pages\/3879\/revisions"}],"predecessor-version":[{"id":7212,"href":"https:\/\/www.moncoachdegolf.com\/progressez-au-golf\/wp-json\/wp\/v2\/pages\/3879\/revisions\/7212"}],"wp:attachment":[{"href":"https:\/\/www.moncoachdegolf.com\/progressez-au-golf\/wp-json\/wp\/v2\/media?parent=3879"}],"curies":[{"name":"wp","href":"https:\/\/api.w.org\/{rel}","templated":true}]}}